{"id":8944,"date":"2023-08-20T16:55:55","date_gmt":"2023-08-20T13:55:55","guid":{"rendered":"https:\/\/mucizeminikler.com\/?post_type=product&#038;p=8944"},"modified":"2025-03-20T13:13:55","modified_gmt":"2025-03-20T10:13:55","slug":"amcamin-biricik-aski-olmaya-geldim-baskili-zibin-takimi","status":"publish","type":"product","link":"http:\/\/mucizeminikler.com\/index.php\/urun\/amcamin-biricik-aski-olmaya-geldim-baskili-zibin-takimi\/","title":{"rendered":"Amcam\u0131n biricik a\u015fk\u0131 olmaya geldim bask\u0131l\u0131 z\u0131b\u0131n tak\u0131m\u0131"},"content":{"rendered":"<p>1 Adet \u00e7\u0131t\u00e7\u0131tl\u0131 Badi<\/p>\n<p>1 Adet \u015fapka<\/p>\n<p>1 \u00c7ift Ayakkab\u0131<\/p>\n<p>Yenido\u011fan bebekler i\u00e7in \u00e7ok \u015f\u0131k bir hediye. \u0130stedi\u011finiz yaz\u0131y\u0131 yazarak sevdiklerinize g\u00fczel bir hediye sunabilirsiniz. Su bazl\u0131 nefes alabilen, bebe\u011finize zarar verecek kimyasallar i\u00e7ermeyen Ekoteks Sertifikal\u0131 organik bask\u0131 sistemi ile \u00fcretilmi\u015ftir. 3 mm beyaz bask\u0131l\u0131 ke\u00e7e kullan\u0131lm\u0131\u015ft\u0131r. %100 pamuklu kuma\u015f. Makinede y\u0131kanabilir. Renklerinde akma kaybolma olmaz.<\/p>\n<p>Not: Foto\u011fraf renkleriyle ger\u00e7ek renkler aras\u0131nda ton fark\u0131 olabilir.<\/p>\n","protected":false},"excerpt":{"rendered":"<p>Ki\u015fiselle\u015ftirilebilir \u00fcr\u00fcn<\/p>\n","protected":false},"featured_media":8906,"comment_status":"open","ping_status":"closed","template":"","meta":{"jetpack_publicize_message":"","jetpack_publicize_feature_enabled":true,"jetpack_social_post_already_shared":true,"jetpack_social_options":{"image_generator_settings":{"template":"highway","default_image_id":0,"font":"","enabled":false},"version":2}},"product_brand":[],"product_cat":[73,78,85],"product_tag":[],"class_list":{"0":"post-8944","1":"product","2":"type-product","3":"status-publish","4":"has-post-thumbnail","6":"product_cat-aileye-ozel-zibin","7":"product_cat-amcaya-ozel","8":"product_cat-erkek-bebek","10":"first","11":"instock","12":"taxable","13":"shipping-taxable","14":"purchasable","15":"product-type-variable","16":"has-default-attributes"},"wcpa_form_fields":null,"jetpack_publicize_connections":[],"jetpack_sharing_enabled":true,"_links":{"self":[{"href":"http:\/\/mucizeminikler.com\/index.php\/wp-json\/wp\/v2\/product\/8944","targetHints":{"allow":["GET"]}}],"collection":[{"href":"http:\/\/mucizeminikler.com\/index.php\/wp-json\/wp\/v2\/product"}],"about":[{"href":"http:\/\/mucizeminikler.com\/index.php\/wp-json\/wp\/v2\/types\/product"}],"replies":[{"embeddable":true,"href":"http:\/\/mucizeminikler.com\/index.php\/wp-json\/wp\/v2\/comments?post=8944"}],"version-history":[{"count":0,"href":"http:\/\/mucizeminikler.com\/index.php\/wp-json\/wp\/v2\/product\/8944\/revisions"}],"wp:featuredmedia":[{"embeddable":true,"href":"http:\/\/mucizeminikler.com\/index.php\/wp-json\/wp\/v2\/media\/8906"}],"wp:attachment":[{"href":"http:\/\/mucizeminikler.com\/index.php\/wp-json\/wp\/v2\/media?parent=8944"}],"wp:term":[{"taxonomy":"product_brand","embeddable":true,"href":"http:\/\/mucizeminikler.com\/index.php\/wp-json\/wp\/v2\/product_brand?post=8944"},{"taxonomy":"product_cat","embeddable":true,"href":"http:\/\/mucizeminikler.com\/index.php\/wp-json\/wp\/v2\/product_cat?post=8944"},{"taxonomy":"product_tag","embeddable":true,"href":"http:\/\/mucizeminikler.com\/index.php\/wp-json\/wp\/v2\/product_tag?post=8944"}],"curies":[{"name":"wp","href":"https:\/\/api.w.org\/{rel}","templated":true}]}}