{"id":11089,"date":"2025-03-20T12:51:56","date_gmt":"2025-03-20T09:51:56","guid":{"rendered":"https:\/\/mucizeminikler.com\/?post_type=product&#038;p=11089"},"modified":"2025-03-20T13:15:50","modified_gmt":"2025-03-20T10:15:50","slug":"mavi-vosvoslu-tasarim-11-parca-hastane-cikis-seti","status":"publish","type":"product","link":"http:\/\/mucizeminikler.com\/index.php\/urun\/mavi-vosvoslu-tasarim-11-parca-hastane-cikis-seti\/","title":{"rendered":"Mavi Vosvoslu Tasar\u0131m 11 Par\u00e7a Hastane \u00c7\u0131k\u0131\u015f Seti"},"content":{"rendered":"<p>G\u00f6rseldeki isim \u00f6rnektir.<\/p>\n<p>whatsapp 0505 348 32 07 nolu telefona sipari\u015finiz verdikten sonra sipari\u015f numaras\u0131 ile bebe\u011fin ismi ve di\u011fer \u00f6zel isteklerinizi iletebilirsiniz<\/p>\n<p>%100 organik pamuklu kuma\u015ftan \u00fcretilmi\u015f 11 par\u00e7a hastane setimiz isme \u00f6zel olarak \u00fcretilmi\u015ftir.<\/p>\n<p>Tulumun alt \u00e7\u0131t\u00e7\u0131t detay\u0131 sayesinde bebeklerinizin alt\u0131n\u0131 de\u011fi\u015ftirmek olduk\u00e7a rahat olacakt\u0131r.<\/p>\n<p>Bu modelimizde \u00fcst z\u0131b\u0131n yandan \u00e7\u0131t\u00e7\u0131tl\u0131 olarak \u00fcretilmi\u015ftir alt pantolonu ise patikli olarak \u00fcretilmi\u015ftir.<\/p>\n<p>Set i\u00e7eri\u011fi ( 80&#215;80 battaniye, \u00f6n arka bask\u0131l\u0131 tulum, \u00e7\u0131t\u00e7\u0131tl\u0131 body, \u00e7\u0131t\u00e7\u0131tl\u0131 z\u0131b\u0131n \u00fcst, patikli pantolon, \u00f6nl\u00fck, bere, eldiven,\u00a0ve 35&#215;40 pamuk saten i\u00e7i dolu yast\u0131k.<\/p>\n<p>Bask\u0131 i\u00e7in kullan\u0131lan boyalar organik olup bebek ve insan sa\u011fl\u0131\u011f\u0131na zarars\u0131zd\u0131r.<\/p>\n<p>Dijital ekrandaki renklerle kuma\u015ftaki bask\u0131 renklerinde %10-%20 aras\u0131nda ton fark\u0131 olabilir.<\/p>\n<p>Bebek tekstil \u00fcretiminde yenilik\u00e7i \u00e7al\u0131\u015fmalarla, oekotex ve organik \u00fcretim sertifikal\u0131 olarak sizin en de\u011ferlilerinizi g\u00fcvenle giydirmektedir<\/p>\n","protected":false},"excerpt":{"rendered":"<p>G\u00f6rseldeki isim \u00f6rnektir. whatsapp 0505 348 32 07 nolu telefona sipari\u015finiz verdikten sonra sipari\u015f numaras\u0131 ile bebe\u011fin ismi ve di\u011fer<\/p>\n","protected":false},"featured_media":11090,"comment_status":"open","ping_status":"closed","template":"","meta":{"jetpack_publicize_message":"","jetpack_publicize_feature_enabled":true,"jetpack_social_post_already_shared":true,"jetpack_social_options":{"image_generator_settings":{"template":"highway","default_image_id":0,"font":"","enabled":false},"version":2}},"product_brand":[],"product_cat":[98],"product_tag":[],"class_list":{"0":"post-11089","1":"product","2":"type-product","3":"status-publish","4":"has-post-thumbnail","6":"product_cat-hastane-cikisi","7":"product_shipping_class-hastane-cikisi","9":"first","10":"instock","11":"sale","12":"taxable","13":"shipping-taxable","14":"purchasable","15":"product-type-simple"},"wcpa_form_fields":null,"jetpack_publicize_connections":[],"jetpack_sharing_enabled":true,"_links":{"self":[{"href":"http:\/\/mucizeminikler.com\/index.php\/wp-json\/wp\/v2\/product\/11089","targetHints":{"allow":["GET"]}}],"collection":[{"href":"http:\/\/mucizeminikler.com\/index.php\/wp-json\/wp\/v2\/product"}],"about":[{"href":"http:\/\/mucizeminikler.com\/index.php\/wp-json\/wp\/v2\/types\/product"}],"replies":[{"embeddable":true,"href":"http:\/\/mucizeminikler.com\/index.php\/wp-json\/wp\/v2\/comments?post=11089"}],"version-history":[{"count":1,"href":"http:\/\/mucizeminikler.com\/index.php\/wp-json\/wp\/v2\/product\/11089\/revisions"}],"predecessor-version":[{"id":11091,"href":"http:\/\/mucizeminikler.com\/index.php\/wp-json\/wp\/v2\/product\/11089\/revisions\/11091"}],"wp:featuredmedia":[{"embeddable":true,"href":"http:\/\/mucizeminikler.com\/index.php\/wp-json\/wp\/v2\/media\/11090"}],"wp:attachment":[{"href":"http:\/\/mucizeminikler.com\/index.php\/wp-json\/wp\/v2\/media?parent=11089"}],"wp:term":[{"taxonomy":"product_brand","embeddable":true,"href":"http:\/\/mucizeminikler.com\/index.php\/wp-json\/wp\/v2\/product_brand?post=11089"},{"taxonomy":"product_cat","embeddable":true,"href":"http:\/\/mucizeminikler.com\/index.php\/wp-json\/wp\/v2\/product_cat?post=11089"},{"taxonomy":"product_tag","embeddable":true,"href":"http:\/\/mucizeminikler.com\/index.php\/wp-json\/wp\/v2\/product_tag?post=11089"}],"curies":[{"name":"wp","href":"https:\/\/api.w.org\/{rel}","templated":true}]}}